{"id":9,"date":"2017-04-25T12:21:35","date_gmt":"2017-04-25T10:21:35","guid":{"rendered":"https:\/\/bonagro.eu\/?page_id=9"},"modified":"2026-04-15T10:31:04","modified_gmt":"2026-04-15T08:31:04","slug":"contact-2","status":"publish","type":"page","link":"https:\/\/zeaslazanky.cz\/index.php\/contact-2\/","title":{"rendered":"Kontakty"},"content":{"rendered":"<ul>\n<li style=\"list-style-type: none;\">\n<ul>\n<li><strong>P\u0159edseda p\u0159edstavenstva a.s. + evidence p\u016fdy<\/strong><br \/>\nIng. Roman Zv\u011b\u0159ina<br \/>\ne-mail: <a href=\"mailto:zeas@zeaslazanky.cz\">zeas@zeaslazanky.cz<\/a><br \/>\nsekretari\u00e1t: +420 549 420 023<\/li>\n<\/ul>\n<\/li>\n<\/ul>\n<ul>\n<li style=\"list-style-type: none;\">\n<ul>\n<li><strong>M\u00edstop\u0159edseda p\u0159edstavenstva<\/strong><br \/>\nIng. Petr Veverka<br \/>\ne-mail: <a href=\"mailto:petr.veverka@bonagro.eu\">petr.veverka@bonagro.eu<\/a><br \/>\ntel.: 606 715 430<\/li>\n<\/ul>\n<\/li>\n<li style=\"list-style-type: none;\">\n<ul>\n<li><strong>\u010clen p\u0159edstavenstva<\/strong><br \/>\nIng. Zden\u011bk Vala, Ph.D.<br \/>\ne-mail: <a href=\"mailto:zdenek.vala@bonagro.eu\">zdenek.vala@bonagro.eu<\/a><br \/>\ntel.: 737 368 118<\/li>\n<li><strong>Vedouc\u00ed \u00faseku rostlinn\u00e9 v\u00fdroby a mechanizace<\/strong><br \/>\nIng. V\u00edt\u011bzslav Dost\u00e1l, Ph.D.<br \/>\ne-mail: <a href=\"mailto:karel.klaska@bonagro.eu\">vitezslav.dostal@bonagro.eu<\/a><br \/>\ntel.: 777 231 345<\/li>\n<li><strong>Spr\u00e1vce farmy<\/strong><br \/>\nDavid Hemala<br \/>\ne-mail: <a href=\"mailto:david.hemala@zeaslazanky.cz\">david.hemala@zeaslazanky.cz<\/a><br \/>\ntel.: 607 015 336<\/li>\n<\/ul>\n<\/li>\n<\/ul>\n<p>&nbsp;<\/p>\n<ul>\n<li style=\"list-style-type: none;\"><\/li>\n<\/ul>\n","protected":false},"excerpt":{"rendered":"<p>P\u0159edseda p\u0159edstavenstva a.s. + evidence p\u016fdy Ing. Roman Zv\u011b\u0159ina e-mail: zeas@zeaslazanky.cz sekretari\u00e1t: +420 549 420 023 M\u00edstop\u0159edseda p\u0159edstavenstva Ing. Petr Veverka e-mail: petr.veverka@bonagro.eu tel.: 606 715 430 \u010clen p\u0159edstavenstva Ing. Zden\u011bk Vala, Ph.D. e-mail: zdenek.vala@bonagro.eu tel.: 737 368 118 Vedouc\u00ed \u00faseku rostlinn\u00e9 v\u00fdroby a mechanizace Ing. V\u00edt\u011bzslav Dost\u00e1l, Ph.D. e-mail:&#8230;<\/p>\n","protected":false},"author":1,"featured_media":0,"parent":0,"menu_order":0,"comment_status":"closed","ping_status":"closed","template":"","meta":{"footnotes":""},"class_list":["post-9","page","type-page","status-publish","hentry"],"_links":{"self":[{"href":"https:\/\/zeaslazanky.cz\/index.php\/wp-json\/wp\/v2\/pages\/9","targetHints":{"allow":["GET"]}}],"collection":[{"href":"https:\/\/zeaslazanky.cz\/index.php\/wp-json\/wp\/v2\/pages"}],"about":[{"href":"https:\/\/zeaslazanky.cz\/index.php\/wp-json\/wp\/v2\/types\/page"}],"author":[{"embeddable":true,"href":"https:\/\/zeaslazanky.cz\/index.php\/wp-json\/wp\/v2\/users\/1"}],"replies":[{"embeddable":true,"href":"https:\/\/zeaslazanky.cz\/index.php\/wp-json\/wp\/v2\/comments?post=9"}],"version-history":[{"count":29,"href":"https:\/\/zeaslazanky.cz\/index.php\/wp-json\/wp\/v2\/pages\/9\/revisions"}],"predecessor-version":[{"id":888,"href":"https:\/\/zeaslazanky.cz\/index.php\/wp-json\/wp\/v2\/pages\/9\/revisions\/888"}],"wp:attachment":[{"href":"https:\/\/zeaslazanky.cz\/index.php\/wp-json\/wp\/v2\/media?parent=9"}],"curies":[{"name":"wp","href":"https:\/\/api.w.org\/{rel}","templated":true}]}}